{"id":7242,"date":"2024-02-12T14:39:48","date_gmt":"2024-02-12T19:39:48","guid":{"rendered":"https:\/\/restaurantsauvage.com.idaycareapp.com\/?page_id=7242"},"modified":"2024-10-24T10:05:04","modified_gmt":"2024-10-24T14:05:04","slug":"privacy-statement","status":"publish","type":"page","link":"https:\/\/restaurantsauvage.com\/fr\/privacy-statement\/","title":{"rendered":"Politique de confidentialit\u00e9 et d\u00e9claration"},"content":{"rendered":"<div data-elementor-type=\"wp-page\" data-elementor-id=\"7242\" class=\"elementor elementor-7242\">\n\t\t\t\t\t\t<section class=\"elementor-section elementor-top-section elementor-element elementor-element-223768a elementor-section-boxed elementor-section-height-default elementor-section-height-default\" data-id=\"223768a\" data-element_type=\"section\">\n\t\t\t\t\t\t<div class=\"elementor-container elementor-column-gap-default\">\n\t\t\t\t\t<div class=\"elementor-column elementor-col-100 elementor-top-column elementor-element elementor-element-c101111\" data-id=\"c101111\" data-element_type=\"column\">\n\t\t\t<div class=\"elementor-widget-wrap elementor-element-populated\">\n\t\t\t\t\t\t<div class=\"elementor-element elementor-element-45e9472 elementor-widget elementor-widget-text-editor\" data-id=\"45e9472\" data-element_type=\"widget\" data-widget_type=\"text-editor.default\">\n\t\t\t\t<div class=\"elementor-widget-container\">\n\t\t\t<style>\/*! elementor - v3.19.0 - 07-02-2024 *\/\n.elementor-widget-text-editor.elementor-drop-cap-view-stacked .elementor-drop-cap{background-color:#69727d;color:#fff}.elementor-widget-text-editor.elementor-drop-cap-view-framed .elementor-drop-cap{color:#69727d;border:3px solid;background-color:transparent}.elementor-widget-text-editor:not(.elementor-drop-cap-view-default) .elementor-drop-cap{margin-top:8px}.elementor-widget-text-editor:not(.elementor-drop-cap-view-default) .elementor-drop-cap-letter{width:1em;height:1em}.elementor-widget-text-editor .elementor-drop-cap{float:left;text-align:center;line-height:1;font-size:50px}.elementor-widget-text-editor .elementor-drop-cap-letter{display:inline-block}<\/style>\t\t\t\t<div>\n<div>\n<div>\n<div>\n<div data-testid=\"conversation-turn-47\">\n<div>\n<div>\n<div>\n<div>\n<div>\n<div data-message-author-role=\"assistant\" data-message-id=\"5604e773-cad8-4134-9967-93eaa740a0e0\">\n<div>\n<p><strong>Consentement :<\/strong><\/p>\n<p>Merci d\u2019avoir choisi Sauvage pour votre prochaine r\u00e9servation. Afin de garantir une exp\u00e9rience fluide et personnalis\u00e9e, nous vous demandons votre consentement pour collecter et traiter les informations fournies dans ce formulaire de r\u00e9servation. Votre confidentialit\u00e9 est importante pour nous, et nous tenons \u00e0 vous assurer que vos donn\u00e9es seront trait\u00e9es avec le plus grand soin et en conformit\u00e9 avec les r\u00e9glementations en vigueur en mati\u00e8re de protection des donn\u00e9es.<\/p>\n<p><\/p>\n<p>Chez Sauvage, nous nous engageons \u00e0 prot\u00e9ger la confidentialit\u00e9 et la s\u00e9curit\u00e9 de vos informations personnelles. Cette d\u00e9claration de confidentialit\u00e9 explique comment nous collectons, utilisons et prot\u00e9geons les informations que vous fournissez lors de la r\u00e9servation via notre plateforme en ligne. En utilisant nos services de r\u00e9servation, vous acceptez les termes \u00e9nonc\u00e9s dans cette d\u00e9claration.<\/p>\n<p><strong>Informations que nous collectons :<\/strong><\/p>\n<ol>\n<li><strong>Informations de contact :<\/strong> Nom, adresse courriel et num\u00e9ro de t\u00e9l\u00e9phone pour la confirmation et la communication de la r\u00e9servation.<\/li>\n<li><strong>D\u00e9tails de la r\u00e9servation :<\/strong> Nombre de convives, date, heure et toute demande sp\u00e9ciale pour personnaliser votre exp\u00e9rience gastronomique.<\/li>\n<\/ol>\n<p><strong>Comment nous utilisons vos informations :<\/strong><\/p>\n<ol>\n<li><strong>Confirmation de r\u00e9servation :<\/strong> Pour confirmer votre r\u00e9servation et vous fournir les d\u00e9tails essentiels concernant votre visite.<\/li>\n<li><strong>Service client :<\/strong> Pour personnaliser notre service et r\u00e9pondre \u00e0 toute demande sp\u00e9cifique que vous pourriez avoir.<\/li>\n<li><strong>Contact pour mises \u00e0 jour :<\/strong> Pour vous informer de tout changement ou information importante li\u00e9e \u00e0 votre r\u00e9servation.<\/li>\n<\/ol>\n<p><strong>S\u00e9curit\u00e9 des donn\u00e9es :<\/strong><\/p>\n<ol>\n<li>Nous utilisons des mesures de s\u00e9curit\u00e9 conformes aux normes de l\u2019industrie pour prot\u00e9ger vos informations contre tout acc\u00e8s non autoris\u00e9.<\/li>\n<li>Vos donn\u00e9es sont stock\u00e9es et trait\u00e9es en toute s\u00e9curit\u00e9 dans notre syst\u00e8me de r\u00e9servation.<\/li>\n<\/ol>\n<p><strong>Communications marketing :<\/strong><\/p>\n<ol>\n<li>Si vous choisissez de recevoir des communications marketing, nous pourrons vous envoyer des mises \u00e0 jour, des promotions et des offres sp\u00e9ciales.<\/li>\n<li>Vous avez le droit de vous d\u00e9sabonner des communications marketing \u00e0 tout moment.<\/li>\n<\/ol>\n<p><strong>Partage de vos informations :<\/strong><\/p>\n<ol>\n<li>Nous ne vendons, ne louons ni ne partageons vos informations personnelles avec des tiers \u00e0 des fins de marketing.<\/li>\n<li>Vos informations peuvent \u00eatre partag\u00e9es avec nos \u00e9quipes internes afin de r\u00e9pondre aux exigences de votre r\u00e9servation.<\/li>\n<\/ol>\n<p><strong>Options de d\u00e9sabonnement :<\/strong><\/p>\n<ol>\n<li>Vous avez le droit de vous d\u00e9sabonner de toute communication future ou de mettre \u00e0 jour vos pr\u00e9f\u00e9rences \u00e0 tout moment.<\/li>\n<li>Pour vous d\u00e9sabonner ou mettre \u00e0 jour vos pr\u00e9f\u00e9rences, veuillez nous contacter directement.<\/li>\n<\/ol>\n<p><strong>Cookies et suivi :<\/strong><\/p>\n<ol>\n<li>Notre site web peut utiliser des cookies pour une meilleure exp\u00e9rience utilisateur. Vous pouvez ajuster les param\u00e8tres de votre navigateur pour contr\u00f4ler les pr\u00e9f\u00e9rences de cookies.<\/li>\n<\/ol>\n<p><strong>Vos droits :<\/strong><\/p>\n<ol>\n<li>Vous avez le droit d'acc\u00e9der, de corriger ou de supprimer vos informations personnelles.<\/li>\n<li>Pour exercer vos droits ou pour toute question relative \u00e0 la confidentialit\u00e9, veuillez nous contacter \u00e0 info@restaurantsauvage.com.&nbsp;<a href=\"mailto:info@restaurantsauvage.com\"><span style=\"font-size: 11pt; font-family: Arial, sans-serif; color: #1155cc; background-color: transparent; font-variant-numeric: normal; font-variant-east-asian: normal; font-variant-alternates: normal; font-variant-position: normal; text-decoration-line: underline; text-decoration-skip-ink: none; vertical-align: baseline; white-space-collapse: preserve;\">info@restaurantsauvage.com<\/span><\/a>.<\/li>\n<\/ol>\n<p><strong>Modifications de la d\u00e9claration de confidentialit\u00e9 :<\/strong><\/p>\n<ol>\n<li>Nous nous r\u00e9servons le droit de mettre \u00e0 jour cette d\u00e9claration de confidentialit\u00e9 si n\u00e9cessaire. Toute modification sera refl\u00e9t\u00e9e sur notre site web.<\/li>\n<\/ol>\n<p><strong>Confirmation de r\u00e9servation :<\/strong> \u00c0 la soumission du formulaire de r\u00e9servation, vous recevrez un courriel ou un SMS de confirmation contenant les d\u00e9tails de votre r\u00e9servation.<\/p>\n<p>Merci d\u2019avoir choisi Restaurant Sauvage. Nous appr\u00e9cions votre confiance, et la protection de votre vie priv\u00e9e est une priorit\u00e9 pour nous. Si vous avez des questions ou des pr\u00e9occupations, n\u2019h\u00e9sitez pas \u00e0 nous contacter.<\/p>\n<p><img decoding=\"async\" src=\"https:\/\/restaurantsauvage.com.idaycareapp.com\/wp-content\/uploads\/2024\/02\/cropped-suavage_icon-300x300.png\" alt=\"\" width=\"150\" height=\"150\"><\/p>\n<\/div>\n<\/div>\n<\/div>\n<div>\n<div>\n<div>&nbsp;<\/div>\n<div>&nbsp;<\/div>\n<\/div>\n<\/div>\n<\/div>\n<div>\n<div>&nbsp;<\/div>\n<\/div>\n<\/div>\n<\/div>\n<\/div>\n<\/div>\n<\/div>\n<\/div>\n<\/div>\n<\/div>\n<div>\n<form action=\"\">\n<div>\n<div>Restaurant Sauvage<\/div>\n<div>52 rue St-Jacques, Montreal, QC, Canada, H2Y 1L2<\/div>\n<div><a style=\"background-color: #dbcab7; transition-property: all;\" rel=\"noopener\">info@restaurantsauvage.com<\/a><\/div>\n<\/div>\n<input type=\"hidden\" name=\"trp-form-language\" value=\"fr\"\/><\/form>\n<\/div>\t\t\t\t\t\t<\/div>\n\t\t\t\t<\/div>\n\t\t\t\t\t<\/div>\n\t\t<\/div>\n\t\t\t\t\t<\/div>\n\t\t<\/section>\n\t\t\t\t<\/div>","protected":false},"excerpt":{"rendered":"<p>Consent: Thank you for choosing Sauvage for your upcoming reservation. To ensure a seamless and personalized experience, we kindly ask for your consent to collect and process the information provided in this reservation form. Your privacy is important to us, and we want to assure you that your data will [&hellip;]<\/p>","protected":false},"author":1,"featured_media":0,"parent":0,"menu_order":0,"comment_status":"closed","ping_status":"closed","template":"","meta":{"footnotes":""},"class_list":["post-7242","page","type-page","status-publish","hentry"],"_links":{"self":[{"href":"https:\/\/restaurantsauvage.com\/fr\/wp-json\/wp\/v2\/pages\/7242"}],"collection":[{"href":"https:\/\/restaurantsauvage.com\/fr\/wp-json\/wp\/v2\/pages"}],"about":[{"href":"https:\/\/restaurantsauvage.com\/fr\/wp-json\/wp\/v2\/types\/page"}],"author":[{"embeddable":true,"href":"https:\/\/restaurantsauvage.com\/fr\/wp-json\/wp\/v2\/users\/1"}],"replies":[{"embeddable":true,"href":"https:\/\/restaurantsauvage.com\/fr\/wp-json\/wp\/v2\/comments?post=7242"}],"version-history":[{"count":21,"href":"https:\/\/restaurantsauvage.com\/fr\/wp-json\/wp\/v2\/pages\/7242\/revisions"}],"predecessor-version":[{"id":9583,"href":"https:\/\/restaurantsauvage.com\/fr\/wp-json\/wp\/v2\/pages\/7242\/revisions\/9583"}],"wp:attachment":[{"href":"https:\/\/restaurantsauvage.com\/fr\/wp-json\/wp\/v2\/media?parent=7242"}],"curies":[{"name":"wp","href":"https:\/\/api.w.org\/{rel}","templated":true}]}}